{"id":4576,"date":"2025-08-19T08:34:30","date_gmt":"2025-08-19T08:34:30","guid":{"rendered":"https:\/\/sharp.ca\/order-status\/"},"modified":"2025-10-10T06:31:03","modified_gmt":"2025-10-10T06:31:03","slug":"order-status","status":"publish","type":"page","link":"https:\/\/sharp.ca\/fr\/order-status\/","title":{"rendered":"Order Status"},"content":{"rendered":"\t\t<div data-elementor-type=\"wp-page\" data-elementor-id=\"4576\" class=\"elementor elementor-4576\" data-elementor-post-type=\"page\">\n\t\t\t\t<div class=\"elementor-element elementor-element-bf99436 e-flex e-con-boxed e-con e-child\" data-id=\"bf99436\" data-element_type=\"container\" data-e-type=\"container\" data-settings=\"{&quot;background_background&quot;:&quot;classic&quot;}\">\n\t\t\t\t\t<div class=\"e-con-inner\">\n\t\t<div class=\"elementor-element elementor-element-b1df728 e-con-full e-flex e-con e-child\" data-id=\"b1df728\" data-element_type=\"container\" data-e-type=\"container\">\n\t\t\t\t<div class=\"elementor-element elementor-element-5021f0b elementor-widget__width-initial elementor-widget elementor-widget-heading\" data-id=\"5021f0b\" data-element_type=\"widget\" data-e-type=\"widget\" data-widget_type=\"heading.default\">\n\t\t\t\t\t<h1 class=\"elementor-heading-title elementor-size-default\">Statut de la commande<\/h1>\t\t\t\t<\/div>\n\t\t\t\t<\/div>\n\t\t\t\t\t<\/div>\n\t\t\t\t<\/div>\n\t\t<div class=\"elementor-element elementor-element-a58fe3b e-flex e-con-boxed e-con e-parent\" data-id=\"a58fe3b\" data-element_type=\"container\" data-e-type=\"container\">\n\t\t\t\t\t<div class=\"e-con-inner\">\n\t\t\t\t<div class=\"elementor-element elementor-element-5c88db8 elementor-widget elementor-widget-shortcode\" data-id=\"5c88db8\" data-element_type=\"widget\" data-e-type=\"widget\" data-widget_type=\"shortcode.default\">\n\t\t\t\t\t\t\t<div class=\"elementor-shortcode\">\r\n<section class=\"order-status-section\">\r\n <div class=\"container order-status-container mt-5\">\r\n    <div class=\"order-status-title\">\r\n        <h3 class=\"order-title\">\r\n            <strong>\u00c9tat de la commande<\/strong>\r\n        <\/h3>\r\n    <\/div>\r\n\r\n        <form action=\"\" class=\"order-status-form\" id=\"order-status-form\" method=\"post\" accept-charset=\"utf-8\" novalidate=\"novalidate\">\r\n        <div class=\"row\">\r\n            <div class=\"col-md-10\">\r\n                <div class=\"row\">\r\n                    <div class=\"col-md-12\">\r\n                        <div class=\"text-bottom\">\r\n                            <p><strong>Les caract\u00e8res alphab\u00e9tiques ne sont pas sensibles \u00e0 la casse<\/strong><\/p>\r\n                                                    <\/div>\r\n                    <\/div>\r\n\r\n                    <div class=\"col-sm-12\">\r\n                        <div class=\"form-group\">\r\n                            <label for=\"order-number\">Num\u00e9ro de commande<\/label>\r\n                            <input type=\"text\" name=\"order_number\" class=\"form-control\" id=\"order-number-id\" maxlength=\"16\" value=\"\" autocomplete=\"off\">\r\n                                                    <\/div>\r\n                    <\/div>\r\n\r\n                    <div class=\"col-sm-6\">\r\n                        <div class=\"form-group\">\r\n                            <label for=\"purchase-number\">Num\u00e9ro d&#039;achat<\/label>\r\n                            <input type=\"text\" name=\"purchase_number\" class=\"form-control\" id=\"purchase-number-id\" maxlength=\"16\" value=\"\" autocomplete=\"off\">\r\n                                                    <\/div>\r\n                    <\/div>\r\n\r\n                    <div class=\"col-sm-6\">\r\n                        <div class=\"form-group\">\r\n                            <label for=\"part-number\">Num\u00e9ro d&#039;article<\/label>\r\n                            <input type=\"text\" name=\"part_number\" class=\"form-control\" id=\"part-number-id\" maxlength=\"16\" value=\"\" autocomplete=\"off\"> \r\n                                                    <\/div>\r\n                    <\/div>\r\n\r\n                    <div class=\"col-md-12\">\r\n                        <p class=\"mb-15\"><strong>Veuillez saisir votre num\u00e9ro de client, votre num\u00e9ro de t\u00e9l\u00e9phone ou votre adresse e-mail (au moins une est requise)<\/strong><\/p>\r\n                    <\/div>\r\n\r\n                    <div class=\"col-sm-12\">\r\n                        <div class=\"form-group\">\r\n                            <label for=\"customer-number\">Num\u00e9ro de client<span class=\"text-danger\">*<\/span><\/label>\r\n                            <input type=\"text\" name=\"customer_number\" class=\"form-control\" id=\"customer-number-id\" maxlength=\"16\" value=\"\" autocomplete=\"off\">\r\n                                                    <\/div>\r\n                    <\/div>\r\n\r\n                    <div class=\"col-sm-6\">\r\n                        <div class=\"form-group\">\r\n                            <label for=\"contact-phone\">Num\u00e9ro du contact<\/label>\r\n                            <input type=\"text\" name=\"contact_phone\" class=\"form-control\" id=\"contact-phone-id\" maxlength=\"15\" value=\"\" autocomplete=\"off\">\r\n                                                    <\/div>\r\n                    <\/div>\r\n\r\n                    <div class=\"col-sm-6\">\r\n                        <div class=\"form-group\">\r\n                            <label for=\"email-address\">Adresse courriel<\/label>\r\n                            <input type=\"email\" name=\"email_address\" class=\"form-control\" id=\"email-address-id\" maxlength=\"100\" value=\"\" autocomplete=\"off\">\r\n                                                    <\/div>\r\n                    <\/div>\r\n\r\n                    <div class=\"col-sm-8 forms_order-dates\">\r\n                        <div class=\"form-group\">\r\n                            <label for=\"order-date\">Date de commande<\/label>\r\n                            <div class=\"row\">\r\n                                <div class=\"col-6\">\r\n                                    <div class=\"datepickerFrom date input-group\">\r\n                                        <input type=\"text\" name=\"from_date\" autocomplete=\"off\" id=\"from_date-id\" class=\"form-control\" placeholder=\"Depuis\" value=\"\" autocomplete=\"off\">\r\n                                        <div class=\"input-group-append\">\r\n                                            <span class=\"input-group-text\"><i class=\"fa fa-calendar-alt\"><\/i><\/span>\r\n                                        <\/div>\r\n                                    <\/div>\r\n                                                                    <\/div>\r\n                                <div class=\"col-6\">\r\n                                    <div class=\"datepickerTo date input-group\">\r\n                                        <input type=\"text\" name=\"to_date\" autocomplete=\"off\" id=\"to_date-id\" value=\"\" placeholder=\"\u00c0 \" class=\"form-control\" autocomplete=\"off\">\r\n                                        <div class=\"input-group-append\">\r\n                                            <span class=\"input-group-text\"><i class=\"fa fa-calendar-alt\"><\/i><\/span>\r\n                                        <\/div>\r\n                                    <\/div>\r\n                                                                    <\/div>\r\n                            <\/div>\r\n\r\n                        <\/div>\r\n                    <\/div>\r\n                <\/div>\r\n\r\n                <button type=\"submit\" class=\"btn submit-form\" id=\"submit-form\" name=\"submit\" value=\"submit\">Soumettre<\/button>\r\n                <a href=\"https:\/\/sharp.ca\/fr\/order-status\/\" type=\"reset\" class=\"btn btn-reset\" id=\"resetForm\">R\u00e9initialiser<\/a>\r\n\r\n            <\/div>\r\n        <\/div>\r\n    <\/form>\r\n\r\n\r\n    <\/div>\r\n<\/section>\r\n<script>\r\n    jQuery(document).ready(function($) {\r\n        $('#from_date-id').datepicker({\r\n            dateFormat: \"mm\/dd\/yy\",\r\n            changeMonth: false,\r\n            changeYear: false,\r\n            showButtonPanel: false  \r\n        });\r\n        $('#to_date-id').datepicker({\r\n            dateFormat: \"mm\/dd\/yy\",\r\n            changeMonth: false,\r\n            changeYear: false,\r\n            showButtonPanel: false  \r\n        });\r\n\r\n        $('.close').click(function(){\r\n            var alert = $(this).closest('div.alert');\r\n            alert.slideToggle(\"slow\");\r\n        });\r\n    });\r\n<\/script><\/div>\n\t\t\t\t\t\t<\/div>\n\t\t\t\t\t<\/div>\n\t\t\t\t<\/div>\n\t\t\t\t<\/div>\n\t\t","protected":false},"excerpt":{"rendered":"<p>Statut de la commande<\/p>\n","protected":false},"author":1,"featured_media":0,"parent":0,"menu_order":0,"comment_status":"closed","ping_status":"closed","template":"","meta":{"_acf_changed":false,"footnotes":""},"class_list":["post-4576","page","type-page","status-publish","hentry"],"acf":[],"yoast_head":"<!-- This site is optimized with the Yoast SEO plugin v27.4 - https:\/\/yoast.com\/product\/yoast-seo-wordpress\/ -->\n<title>Order Status | Sharp Canada Leadership<\/title>\n<meta name=\"description\" content=\"Order Status\" \/>\n<meta name=\"robots\" content=\"index, follow, max-snippet:-1, max-image-preview:large, max-video-preview:-1\" \/>\n<link rel=\"canonical\" href=\"https:\/\/sharp.ca\/fr\/order-status\/\" \/>\n<meta property=\"og:locale\" content=\"fr_FR\" \/>\n<meta property=\"og:type\" content=\"article\" \/>\n<meta property=\"og:title\" content=\"Order Status | Sharp Canada Leadership\" \/>\n<meta property=\"og:description\" content=\"Order Status\" \/>\n<meta property=\"og:url\" content=\"https:\/\/sharp.ca\/fr\/order-status\/\" \/>\n<meta property=\"og:site_name\" content=\"Sharp Electronics of Canada Ltd\" \/>\n<meta property=\"article:modified_time\" content=\"2025-10-10T06:31:03+00:00\" \/>\n<meta name=\"twitter:card\" content=\"summary_large_image\" \/>\n<meta name=\"twitter:label1\" content=\"Dur\u00e9e de lecture estim\u00e9e\" \/>\n\t<meta name=\"twitter:data1\" content=\"1 minute\" \/>\n<script type=\"application\/ld+json\" class=\"yoast-schema-graph\">{\"@context\":\"https:\\\/\\\/schema.org\",\"@graph\":[{\"@type\":\"WebPage\",\"@id\":\"https:\\\/\\\/sharp.ca\\\/fr\\\/order-status\\\/\",\"url\":\"https:\\\/\\\/sharp.ca\\\/fr\\\/order-status\\\/\",\"name\":\"Order Status | Sharp Canada Leadership\",\"isPartOf\":{\"@id\":\"https:\\\/\\\/sharp.ca\\\/en\\\/#website\"},\"datePublished\":\"2025-08-19T08:34:30+00:00\",\"dateModified\":\"2025-10-10T06:31:03+00:00\",\"description\":\"Order Status\",\"breadcrumb\":{\"@id\":\"https:\\\/\\\/sharp.ca\\\/fr\\\/order-status\\\/#breadcrumb\"},\"inLanguage\":\"fr-FR\",\"potentialAction\":[{\"@type\":\"ReadAction\",\"target\":[\"https:\\\/\\\/sharp.ca\\\/fr\\\/order-status\\\/\"]}]},{\"@type\":\"BreadcrumbList\",\"@id\":\"https:\\\/\\\/sharp.ca\\\/fr\\\/order-status\\\/#breadcrumb\",\"itemListElement\":[{\"@type\":\"ListItem\",\"position\":1,\"name\":\"Home | About Us\",\"item\":\"https:\\\/\\\/sharp.ca\\\/fr\\\/\"},{\"@type\":\"ListItem\",\"position\":2,\"name\":\"Order Status\"}]},{\"@type\":\"WebSite\",\"@id\":\"https:\\\/\\\/sharp.ca\\\/en\\\/#website\",\"url\":\"https:\\\/\\\/sharp.ca\\\/en\\\/\",\"name\":\"Sharp Electronics of Canada Ltd\",\"description\":\"\",\"publisher\":{\"@id\":\"https:\\\/\\\/sharp.ca\\\/en\\\/#organization\"},\"potentialAction\":[{\"@type\":\"SearchAction\",\"target\":{\"@type\":\"EntryPoint\",\"urlTemplate\":\"https:\\\/\\\/sharp.ca\\\/en\\\/?s={search_term_string}\"},\"query-input\":{\"@type\":\"PropertyValueSpecification\",\"valueRequired\":true,\"valueName\":\"search_term_string\"}}],\"inLanguage\":\"fr-FR\"},{\"@type\":\"Organization\",\"@id\":\"https:\\\/\\\/sharp.ca\\\/en\\\/#organization\",\"name\":\"Sharp Electronics of Canada Ltd\",\"url\":\"https:\\\/\\\/sharp.ca\\\/en\\\/\",\"logo\":{\"@type\":\"ImageObject\",\"inLanguage\":\"fr-FR\",\"@id\":\"https:\\\/\\\/sharp.ca\\\/en\\\/#\\\/schema\\\/logo\\\/image\\\/\",\"url\":\"https:\\\/\\\/sharp.ca\\\/wp-content\\\/uploads\\\/2026\\\/01\\\/Sharp_logo-200.png\",\"contentUrl\":\"https:\\\/\\\/sharp.ca\\\/wp-content\\\/uploads\\\/2026\\\/01\\\/Sharp_logo-200.png\",\"width\":200,\"height\":55,\"caption\":\"Sharp Electronics of Canada Ltd\"},\"image\":{\"@id\":\"https:\\\/\\\/sharp.ca\\\/en\\\/#\\\/schema\\\/logo\\\/image\\\/\"}}]}<\/script>\n<!-- \/ Yoast SEO plugin. -->","yoast_head_json":{"title":"Order Status | Sharp Canada Leadership","description":"Order Status","robots":{"index":"index","follow":"follow","max-snippet":"max-snippet:-1","max-image-preview":"max-image-preview:large","max-video-preview":"max-video-preview:-1"},"canonical":"https:\/\/sharp.ca\/fr\/order-status\/","og_locale":"fr_FR","og_type":"article","og_title":"Order Status | Sharp Canada Leadership","og_description":"Order Status","og_url":"https:\/\/sharp.ca\/fr\/order-status\/","og_site_name":"Sharp Electronics of Canada Ltd","article_modified_time":"2025-10-10T06:31:03+00:00","twitter_card":"summary_large_image","twitter_misc":{"Dur\u00e9e de lecture estim\u00e9e":"1 minute"},"schema":{"@context":"https:\/\/schema.org","@graph":[{"@type":"WebPage","@id":"https:\/\/sharp.ca\/fr\/order-status\/","url":"https:\/\/sharp.ca\/fr\/order-status\/","name":"Order Status | Sharp Canada Leadership","isPartOf":{"@id":"https:\/\/sharp.ca\/en\/#website"},"datePublished":"2025-08-19T08:34:30+00:00","dateModified":"2025-10-10T06:31:03+00:00","description":"Order Status","breadcrumb":{"@id":"https:\/\/sharp.ca\/fr\/order-status\/#breadcrumb"},"inLanguage":"fr-FR","potentialAction":[{"@type":"ReadAction","target":["https:\/\/sharp.ca\/fr\/order-status\/"]}]},{"@type":"BreadcrumbList","@id":"https:\/\/sharp.ca\/fr\/order-status\/#breadcrumb","itemListElement":[{"@type":"ListItem","position":1,"name":"Home | About Us","item":"https:\/\/sharp.ca\/fr\/"},{"@type":"ListItem","position":2,"name":"Order Status"}]},{"@type":"WebSite","@id":"https:\/\/sharp.ca\/en\/#website","url":"https:\/\/sharp.ca\/en\/","name":"Sharp Electronics of Canada Ltd","description":"","publisher":{"@id":"https:\/\/sharp.ca\/en\/#organization"},"potentialAction":[{"@type":"SearchAction","target":{"@type":"EntryPoint","urlTemplate":"https:\/\/sharp.ca\/en\/?s={search_term_string}"},"query-input":{"@type":"PropertyValueSpecification","valueRequired":true,"valueName":"search_term_string"}}],"inLanguage":"fr-FR"},{"@type":"Organization","@id":"https:\/\/sharp.ca\/en\/#organization","name":"Sharp Electronics of Canada Ltd","url":"https:\/\/sharp.ca\/en\/","logo":{"@type":"ImageObject","inLanguage":"fr-FR","@id":"https:\/\/sharp.ca\/en\/#\/schema\/logo\/image\/","url":"https:\/\/sharp.ca\/wp-content\/uploads\/2026\/01\/Sharp_logo-200.png","contentUrl":"https:\/\/sharp.ca\/wp-content\/uploads\/2026\/01\/Sharp_logo-200.png","width":200,"height":55,"caption":"Sharp Electronics of Canada Ltd"},"image":{"@id":"https:\/\/sharp.ca\/en\/#\/schema\/logo\/image\/"}}]}},"_links":{"self":[{"href":"https:\/\/sharp.ca\/fr\/wp-json\/wp\/v2\/pages\/4576","targetHints":{"allow":["GET"]}}],"collection":[{"href":"https:\/\/sharp.ca\/fr\/wp-json\/wp\/v2\/pages"}],"about":[{"href":"https:\/\/sharp.ca\/fr\/wp-json\/wp\/v2\/types\/page"}],"author":[{"embeddable":true,"href":"https:\/\/sharp.ca\/fr\/wp-json\/wp\/v2\/users\/1"}],"replies":[{"embeddable":true,"href":"https:\/\/sharp.ca\/fr\/wp-json\/wp\/v2\/comments?post=4576"}],"version-history":[{"count":3,"href":"https:\/\/sharp.ca\/fr\/wp-json\/wp\/v2\/pages\/4576\/revisions"}],"predecessor-version":[{"id":9279,"href":"https:\/\/sharp.ca\/fr\/wp-json\/wp\/v2\/pages\/4576\/revisions\/9279"}],"wp:attachment":[{"href":"https:\/\/sharp.ca\/fr\/wp-json\/wp\/v2\/media?parent=4576"}],"curies":[{"name":"wp","href":"https:\/\/api.w.org\/{rel}","templated":true}]}}